{"id":1227,"date":"2022-01-19T10:47:46","date_gmt":"2022-01-19T08:47:46","guid":{"rendered":"https:\/\/profmer.com\/tietosuojaseloste-2\/"},"modified":"2022-01-19T10:47:47","modified_gmt":"2022-01-19T08:47:47","slug":"tietosuojaseloste-2","status":"publish","type":"page","link":"https:\/\/profmer.com\/en\/tietosuojaseloste-2\/","title":{"rendered":"Tietosuojaseloste"},"content":{"rendered":"\t\t<div data-elementor-type=\"wp-page\" data-elementor-id=\"1227\" class=\"elementor elementor-1227 elementor-674\" data-elementor-post-type=\"page\">\n\t\t\t\t\t\t<section class=\"elementor-section elementor-top-section elementor-element elementor-element-3d8ec6f elementor-section-boxed elementor-section-height-default elementor-section-height-default\" data-id=\"3d8ec6f\" data-element_type=\"section\" data-e-type=\"section\">\n\t\t\t\t\t\t<div class=\"elementor-container elementor-column-gap-default\">\n\t\t\t\t\t<div class=\"elementor-column elementor-col-100 elementor-top-column elementor-element elementor-element-02da31c\" data-id=\"02da31c\" data-element_type=\"column\" data-e-type=\"column\">\n\t\t\t<div class=\"elementor-widget-wrap elementor-element-populated\">\n\t\t\t\t\t\t<div class=\"elementor-element elementor-element-ef41cbc elementor-widget elementor-widget-heading\" data-id=\"ef41cbc\" data-element_type=\"widget\" data-e-type=\"widget\" data-widget_type=\"heading.default\">\n\t\t\t\t<div class=\"elementor-widget-container\">\n\t\t\t\t\t<h1 class=\"elementor-heading-title elementor-size-default\">Tietosuojaseloste<\/h1>\t\t\t\t<\/div>\n\t\t\t\t<\/div>\n\t\t\t\t<div class=\"elementor-element elementor-element-97f6975 elementor-widget elementor-widget-text-editor\" data-id=\"97f6975\" data-element_type=\"widget\" data-e-type=\"widget\" data-widget_type=\"text-editor.default\">\n\t\t\t\t<div class=\"elementor-widget-container\">\n\t\t\t\t\t\t\t\t\t<p>24.09.2021<\/p>\n<h2>Henkil\u00f6tietolain 5.12.2018\/1050:n mukainen rekisteriseloste<\/h2>\n<h3>Rekisterinpit\u00e4j\u00e4<\/h3>\n<p>Profmer Oy (Y-tunnus: 0576362-1)<br \/>P\u00e4\u00e4skyntie 10<br \/>21420 Lieto<br \/><a href=\"tel:0106176100\">0106176100<\/a><br \/><a href=\"mailto:sales@profmer.com\">sales@profmer.com<\/a><\/p>\n<h3>Rekisteri\u00e4 hoitava taho<\/h3>\n<p>Asiakaspalvelu \/ Profmer Oy<br \/>P\u00e4\u00e4skyntie 10<br \/>21420 Lieto<br \/><a href=\"tel:0106176100\">0106176100<\/a><br \/><a href=\"mailto:sales@profmer.com\">sales@profmer.com<\/a><\/p>\n<h3>Rekisterin nimi<\/h3>\n<p>Profmer Oy:n asiakasrekisteri<\/p>\n<h3>Henkil\u00f6tietojen k\u00e4sittelyn tarkoitus ja oikeusperuste<\/h3>\n<p>Henkil\u00f6tietojen k\u00e4sittelyn tarkoituksena on yrityksen ja yritysasiakkaan v\u00e4lisen asiakassuhteen hoito ja yll\u00e4pito sek\u00e4 markkinointi. Rekisterin tietoja k\u00e4ytet\u00e4\u00e4n yrityksen omaan suoramarkkinointiin, ellei asiakas ole suoramarkkinointia kielt\u00e4nyt.<br \/>Rekisteriss\u00e4 k\u00e4sitelt\u00e4vi\u00e4 osto- ja asiointitietoja sek\u00e4 sijaintitietoja voidaan k\u00e4ytt\u00e4\u00e4 my\u00f6s profilointiin sek\u00e4 kohdentamaan markkinointitoimenpiteit\u00e4 ja asiakasviestint\u00e4\u00e4 rekister\u00f6ity\u00e4 kiinnostavaksi. Tietoja k\u00e4sitell\u00e4\u00e4n my\u00f6s uutiskirjeen l\u00e4hett\u00e4misen sek\u00e4 tapahtumiin ja muihin markkinointitoimenpiteisiin osallistumisen yhteydess\u00e4.<br \/>Tietoja k\u00e4sitell\u00e4\u00e4n rekisterinpit\u00e4j\u00e4n oikeutetun edun takaamiseksi.<br \/>Mik\u00e4li rekister\u00f6ity ei t\u00e4yt\u00e4 yhteydenottolomakkeessa pyydettyj\u00e4 tietoja, rekisterinpit\u00e4j\u00e4 ei voi ottaa vastaan rekister\u00f6idyn yhteydenottolomaketta eik\u00e4 sitoutua sit\u00e4 koskevaan rekisterinpit\u00e4j\u00e4n ja rekister\u00f6idyn v\u00e4liseen sopimukseen.<\/p>\n<h3>Henkil\u00f6tietojen s\u00e4ilytysaika<\/h3>\n<p>Henkil\u00f6tietoja s\u00e4ilytet\u00e4\u00e4n niin kauan kuin rekister\u00f6ityneen t\u00e4ytt\u00e4m\u00e4\u00e4n yhteydenottolomakkeeseen liittyv\u00e4t toimenpiteet vaativat. S\u00e4ilytysaika riippuu ker\u00e4tyst\u00e4 tiedosta, mm. laskutustiedot tulee kirjanpitolain mukaan s\u00e4ilytt\u00e4\u00e4 kuusi vuotta. Yhteydenottolomakkeen tietoja s\u00e4ilyt\u00e4mme ainoastaan rekister\u00f6ityneen suostumuksella.<\/p>\n<h3>Kuvaus rekister\u00f6ityjen ryhm\u00e4st\u00e4 ja tietosis\u00e4lt\u00f6<\/h3>\n<p>Rekisteri sis\u00e4lt\u00e4\u00e4 henkil\u00f6tietoja yrityksen yritysasiakkaista.<\/p>\n<p>Rekister\u00f6idyn itsens\u00e4 sy\u00f6tt\u00e4m\u00e4t lomaketiedot saattavat sis\u00e4lt\u00e4\u00e4 mm. s\u00e4hk\u00f6postiosoitteen, puhelinnumeron tai osoitteen.<\/p>\n<h3>S\u00e4\u00e4nn\u00f6nmukaiset tietol\u00e4hteet<\/h3>\n<p>Yhteydenottajan ilmoittamat tiedot sek\u00e4 asiakastietoj\u00e4rjestelm\u00e4n ja laskutuksen tietokanta.<\/p>\n<h3>S\u00e4\u00e4nn\u00f6nmukaiset tietojen luovutukset<\/h3>\n<p>Henkil\u00f6tietoja ei p\u00e4\u00e4s\u00e4\u00e4nt\u00f6isesti luovuteta organisaation ulkopuolelle. Kirjanpidon vaatimia henkil\u00f6tietoja luovutetaan Profmer Oy:n k\u00e4ytt\u00e4m\u00e4lle tilitoimistolle.<\/p>\n<p>Henkil\u00f6tietoja voidaan kuitenkin luovuttaa asiakkaan ja Profmer Oy:n v\u00e4lisen sopimuksen, asiakkaan ja Profmer Oy:n v\u00e4lisen asiakassuhteen tai voimassaolevan lains\u00e4\u00e4d\u00e4nn\u00f6n perusteella mm. viranomaisille.<\/p>\n<p>Tietoja ei siirret\u00e4 EU:n tai ETA:n ulkopuolelle.<\/p>\n<h3>Rekisterin suojauksen periaatteet<\/h3>\n<p>Tietoja s\u00e4ilytet\u00e4\u00e4n teknisesti suojattuina. Fyysinen p\u00e4\u00e4sy tietoihin on estetty kulunvalvonnan ja muiden turvatoimien avulla. P\u00e4\u00e4sy tietoihin vaatii riitt\u00e4v\u00e4t oikeudet sek\u00e4 monivaiheisen tunnistautumisen. Luvaton p\u00e4\u00e4sy estet\u00e4\u00e4n my\u00f6s mm. palomuurein ja teknisell\u00e4 suojautumisella. Rekisteritietoihin p\u00e4\u00e4see k\u00e4siksi ainoastaan rekisterinpit\u00e4j\u00e4 ja erikseen nimetyt tekniset henkil\u00f6t. Ainoastaan nimetyill\u00e4 henkil\u00f6ill\u00e4 on oikeus k\u00e4sitell\u00e4 ja yll\u00e4pit\u00e4\u00e4 rekisterin tietoja. K\u00e4ytt\u00e4ji\u00e4 sitoo vaitiolovelvollisuus. Rekisteritiedot varmuuskopioidaan turvallisesti ja ne ovat palautettavissa tarpeen tullen.<\/p>\n<h3>Rekister\u00f6idyn oikeudet<\/h3>\n<p>\u2022 Rekister\u00f6idyll\u00e4 on oikeus tarkastaa rekisteriin tallennetut itse\u00e4\u00e4n koskevat tiedot ja saada niist\u00e4 kopiot. Tarkastuspyynt\u00f6 tulee tehd\u00e4 kirjallisesti ja osoittaa rekisteriasioista vastaavalle taholle (ks. kohta Rekisteri\u00e4 hoitava taho).<\/p>\n<p>\u2022 Rekisteri\u00e4 hoitava taho oikaisee, poistaa tai t\u00e4ydent\u00e4\u00e4 rekisteriss\u00e4 olevan, k\u00e4sittelyn tarkoituksen kannalta virheellisen, tarpeettoman, puutteellisen tai vanhentuneen henkil\u00f6tiedon oma-aloitteisesti tai rekister\u00f6idyn pyynn\u00f6st\u00e4. Rekister\u00f6idyn tulee ottaa kirjallisesti yhteytt\u00e4 rekisterinpit\u00e4j\u00e4n rekisteriasioista vastaavaan tahoon tiedon korjaamiseksi (ks. kohta Rekisteri\u00e4 hoitava taho).<\/p>\n<p>\u2022 Niilt\u00e4 osin kuin henkil\u00f6tietojen k\u00e4sittely perustuu rekister\u00f6idyn suostumukseen, rekister\u00f6idyll\u00e4 on oikeus peruuttaa suostumus milloin tahansa. Suostumuksen peruuttaminen ei vaikuta ennen t\u00e4t\u00e4 tehdyn tietojen k\u00e4sittelyn lainmukaisuuteen.<\/p>\n<p>\u2022 Rekister\u00f6idyll\u00e4 on oikeus tehd\u00e4 valitus henkil\u00f6tiedon k\u00e4sittelyst\u00e4 valvontaviranomaiselle.<\/p>\n<h3>Ev\u00e4steet<\/h3>\n<p>K\u00e4ytt\u00e4j\u00e4ll\u00e4 on mahdollisuus kielt\u00e4yty\u00e4 ev\u00e4steiden k\u00e4yt\u00f6st\u00e4 est\u00e4m\u00e4ll\u00e4 ne oman selaimensa asetuksista. Viittaamme t\u00e4ll\u00e4 k\u00e4yt\u00e4nn\u00f6ll\u00e4 <a href=\"http:\/\/europa.eu\/rapid\/press-release_IP-17-16_fi.htm\" target=\"_blank\" rel=\"noopener\">Euroopan komission lehdist\u00f6tiedotteen<\/a> yksinkertaisimpiin s\u00e4\u00e4nt\u00f6ihin ev\u00e4steiden k\u00e4yt\u00f6st\u00e4.<\/p>\n\t\t\t\t\t\t\t\t<\/div>\n\t\t\t\t<\/div>\n\t\t\t\t\t<\/div>\n\t\t<\/div>\n\t\t\t\t\t<\/div>\n\t\t<\/section>\n\t\t\t\t<\/div>\n\t\t","protected":false},"excerpt":{"rendered":"<p>Tietosuojaseloste 24.09.2021 Henkil\u00f6tietolain 5.12.2018\/1050:n mukainen rekisteriseloste Rekisterinpit\u00e4j\u00e4 Profmer Oy (Y-tunnus: 0576362-1)P\u00e4\u00e4skyntie 1021420 Lieto0106176100sales@profmer.com Rekisteri\u00e4 hoitava taho Asiakaspalvelu \/ Profmer OyP\u00e4\u00e4skyntie 1021420 Lieto0106176100sales@profmer.com Rekisterin nimi Profmer Oy:n asiakasrekisteri Henkil\u00f6tietojen k\u00e4sittelyn tarkoitus ja oikeusperuste Henkil\u00f6tietojen k\u00e4sittelyn tarkoituksena on yrityksen ja yritysasiakkaan v\u00e4lisen asiakassuhteen hoito ja yll\u00e4pito sek\u00e4 markkinointi. Rekisterin tietoja k\u00e4ytet\u00e4\u00e4n yrityksen omaan suoramarkkinointiin, ellei asiakas ole [&hellip;]<\/p>\n","protected":false},"author":1,"featured_media":0,"parent":0,"menu_order":0,"comment_status":"closed","ping_status":"closed","template":"","meta":{"ocean_post_layout":"","ocean_both_sidebars_style":"","ocean_both_sidebars_content_width":0,"ocean_both_sidebars_sidebars_width":0,"ocean_sidebar":"0","ocean_second_sidebar":"0","ocean_disable_margins":"enable","ocean_add_body_class":"","ocean_shortcode_before_top_bar":"","ocean_shortcode_after_top_bar":"","ocean_shortcode_before_header":"","ocean_shortcode_after_header":"","ocean_has_shortcode":"","ocean_shortcode_after_title":"","ocean_shortcode_before_footer_widgets":"","ocean_shortcode_after_footer_widgets":"","ocean_shortcode_before_footer_bottom":"","ocean_shortcode_after_footer_bottom":"","ocean_display_top_bar":"default","ocean_display_header":"default","ocean_header_style":"","ocean_center_header_left_menu":"0","ocean_custom_header_template":"0","ocean_custom_logo":0,"ocean_custom_retina_logo":0,"ocean_custom_logo_max_width":0,"ocean_custom_logo_tablet_max_width":0,"ocean_custom_logo_mobile_max_width":0,"ocean_custom_logo_max_height":0,"ocean_custom_logo_tablet_max_height":0,"ocean_custom_logo_mobile_max_height":0,"ocean_header_custom_menu":"0","ocean_menu_typo_font_family":"0","ocean_menu_typo_font_subset":"","ocean_menu_typo_font_size":0,"ocean_menu_typo_font_size_tablet":0,"ocean_menu_typo_font_size_mobile":0,"ocean_menu_typo_font_size_unit":"px","ocean_menu_typo_font_weight":"","ocean_menu_typo_font_weight_tablet":"","ocean_menu_typo_font_weight_mobile":"","ocean_menu_typo_transform":"","ocean_menu_typo_transform_tablet":"","ocean_menu_typo_transform_mobile":"","ocean_menu_typo_line_height":0,"ocean_menu_typo_line_height_tablet":0,"ocean_menu_typo_line_height_mobile":0,"ocean_menu_typo_line_height_unit":"","ocean_menu_typo_spacing":0,"ocean_menu_typo_spacing_tablet":0,"ocean_menu_typo_spacing_mobile":0,"ocean_menu_typo_spacing_unit":"","ocean_menu_link_color":"","ocean_menu_link_color_hover":"","ocean_menu_link_color_active":"","ocean_menu_link_background":"","ocean_menu_link_hover_background":"","ocean_menu_link_active_background":"","ocean_menu_social_links_bg":"","ocean_menu_social_hover_links_bg":"","ocean_menu_social_links_color":"","ocean_menu_social_hover_links_color":"","ocean_disable_title":"default","ocean_disable_heading":"default","ocean_post_title":"","ocean_post_subheading":"","ocean_post_title_style":"","ocean_post_title_background_color":"","ocean_post_title_background":0,"ocean_post_title_bg_image_position":"","ocean_post_title_bg_image_attachment":"","ocean_post_title_bg_image_repeat":"","ocean_post_title_bg_image_size":"","ocean_post_title_height":0,"ocean_post_title_bg_overlay":0.5,"ocean_post_title_bg_overlay_color":"","ocean_disable_breadcrumbs":"default","ocean_breadcrumbs_color":"","ocean_breadcrumbs_separator_color":"","ocean_breadcrumbs_links_color":"","ocean_breadcrumbs_links_hover_color":"","ocean_display_footer_widgets":"default","ocean_display_footer_bottom":"default","ocean_custom_footer_template":"0","osh_disable_topbar_sticky":"default","osh_disable_header_sticky":"default","osh_sticky_header_style":"default","osh_sticky_header_effect":"","osh_custom_sticky_logo":0,"osh_custom_retina_sticky_logo":0,"osh_custom_sticky_logo_height":0,"osh_background_color":"","osh_links_color":"","osh_links_hover_color":"","osh_links_active_color":"","osh_links_bg_color":"","osh_links_hover_bg_color":"","osh_links_active_bg_color":"","osh_menu_social_links_color":"","osh_menu_social_hover_links_color":"","footnotes":""},"class_list":["post-1227","page","type-page","status-publish","hentry","entry"],"yoast_head":"<!-- This site is optimized with the Yoast SEO plugin v27.4 - https:\/\/yoast.com\/product\/yoast-seo-wordpress\/ -->\n<title>Tietosuojaseloste - Profmer Oy<\/title>\n<meta name=\"robots\" content=\"index, follow, max-snippet:-1, max-image-preview:large, max-video-preview:-1\" \/>\n<link rel=\"canonical\" href=\"https:\/\/profmer.com\/en\/tietosuojaseloste-2\/\" \/>\n<meta property=\"og:locale\" content=\"en_US\" \/>\n<meta property=\"og:type\" content=\"article\" \/>\n<meta property=\"og:title\" content=\"Tietosuojaseloste - Profmer Oy\" \/>\n<meta property=\"og:description\" content=\"Tietosuojaseloste 24.09.2021 Henkil\u00f6tietolain 5.12.2018\/1050:n mukainen rekisteriseloste Rekisterinpit\u00e4j\u00e4 Profmer Oy (Y-tunnus: 0576362-1)P\u00e4\u00e4skyntie 1021420 Lieto0106176100sales@profmer.com Rekisteri\u00e4 hoitava taho Asiakaspalvelu \/ Profmer OyP\u00e4\u00e4skyntie 1021420 Lieto0106176100sales@profmer.com Rekisterin nimi Profmer Oy:n asiakasrekisteri Henkil\u00f6tietojen k\u00e4sittelyn tarkoitus ja oikeusperuste Henkil\u00f6tietojen k\u00e4sittelyn tarkoituksena on yrityksen ja yritysasiakkaan v\u00e4lisen asiakassuhteen hoito ja yll\u00e4pito sek\u00e4 markkinointi. Rekisterin tietoja k\u00e4ytet\u00e4\u00e4n yrityksen omaan suoramarkkinointiin, ellei asiakas ole [&hellip;]\" \/>\n<meta property=\"og:url\" content=\"https:\/\/profmer.com\/en\/tietosuojaseloste-2\/\" \/>\n<meta property=\"og:site_name\" content=\"Profmer Oy\" \/>\n<meta property=\"article:modified_time\" content=\"2022-01-19T08:47:47+00:00\" \/>\n<meta name=\"twitter:card\" content=\"summary_large_image\" \/>\n<meta name=\"twitter:label1\" content=\"Est. reading time\" \/>\n\t<meta name=\"twitter:data1\" content=\"3 minutes\" \/>\n<script type=\"application\/ld+json\" class=\"yoast-schema-graph\">{\"@context\":\"https:\\\/\\\/schema.org\",\"@graph\":[{\"@type\":\"WebPage\",\"@id\":\"https:\\\/\\\/profmer.com\\\/en\\\/tietosuojaseloste-2\\\/\",\"url\":\"https:\\\/\\\/profmer.com\\\/en\\\/tietosuojaseloste-2\\\/\",\"name\":\"Tietosuojaseloste - Profmer Oy\",\"isPartOf\":{\"@id\":\"https:\\\/\\\/profmer.com\\\/en\\\/#website\"},\"datePublished\":\"2022-01-19T08:47:46+00:00\",\"dateModified\":\"2022-01-19T08:47:47+00:00\",\"breadcrumb\":{\"@id\":\"https:\\\/\\\/profmer.com\\\/en\\\/tietosuojaseloste-2\\\/#breadcrumb\"},\"inLanguage\":\"en-US\",\"potentialAction\":[{\"@type\":\"ReadAction\",\"target\":[\"https:\\\/\\\/profmer.com\\\/en\\\/tietosuojaseloste-2\\\/\"]}]},{\"@type\":\"BreadcrumbList\",\"@id\":\"https:\\\/\\\/profmer.com\\\/en\\\/tietosuojaseloste-2\\\/#breadcrumb\",\"itemListElement\":[{\"@type\":\"ListItem\",\"position\":1,\"name\":\"Home\",\"item\":\"https:\\\/\\\/profmer.com\\\/en\\\/\"},{\"@type\":\"ListItem\",\"position\":2,\"name\":\"Tietosuojaseloste\"}]},{\"@type\":\"WebSite\",\"@id\":\"https:\\\/\\\/profmer.com\\\/en\\\/#website\",\"url\":\"https:\\\/\\\/profmer.com\\\/en\\\/\",\"name\":\"Profmer Oy\",\"description\":\"Muoviosia ja -tuotteita polyuretaanista\",\"publisher\":{\"@id\":\"https:\\\/\\\/profmer.com\\\/en\\\/#organization\"},\"potentialAction\":[{\"@type\":\"SearchAction\",\"target\":{\"@type\":\"EntryPoint\",\"urlTemplate\":\"https:\\\/\\\/profmer.com\\\/en\\\/?s={search_term_string}\"},\"query-input\":{\"@type\":\"PropertyValueSpecification\",\"valueRequired\":true,\"valueName\":\"search_term_string\"}}],\"inLanguage\":\"en-US\"},{\"@type\":\"Organization\",\"@id\":\"https:\\\/\\\/profmer.com\\\/en\\\/#organization\",\"name\":\"Profmer Oy\",\"url\":\"https:\\\/\\\/profmer.com\\\/en\\\/\",\"logo\":{\"@type\":\"ImageObject\",\"inLanguage\":\"en-US\",\"@id\":\"https:\\\/\\\/profmer.com\\\/en\\\/#\\\/schema\\\/logo\\\/image\\\/\",\"url\":\"https:\\\/\\\/profmer.com\\\/wp-content\\\/uploads\\\/2020\\\/04\\\/profmer_logo.svg\",\"contentUrl\":\"https:\\\/\\\/profmer.com\\\/wp-content\\\/uploads\\\/2020\\\/04\\\/profmer_logo.svg\",\"width\":738,\"height\":193,\"caption\":\"Profmer Oy\"},\"image\":{\"@id\":\"https:\\\/\\\/profmer.com\\\/en\\\/#\\\/schema\\\/logo\\\/image\\\/\"},\"sameAs\":[\"https:\\\/\\\/www.linkedin.com\\\/company\\\/profmer-oy\"]}]}<\/script>\n<!-- \/ Yoast SEO plugin. -->","yoast_head_json":{"title":"Tietosuojaseloste - Profmer Oy","robots":{"index":"index","follow":"follow","max-snippet":"max-snippet:-1","max-image-preview":"max-image-preview:large","max-video-preview":"max-video-preview:-1"},"canonical":"https:\/\/profmer.com\/en\/tietosuojaseloste-2\/","og_locale":"en_US","og_type":"article","og_title":"Tietosuojaseloste - Profmer Oy","og_description":"Tietosuojaseloste 24.09.2021 Henkil\u00f6tietolain 5.12.2018\/1050:n mukainen rekisteriseloste Rekisterinpit\u00e4j\u00e4 Profmer Oy (Y-tunnus: 0576362-1)P\u00e4\u00e4skyntie 1021420 Lieto0106176100sales@profmer.com Rekisteri\u00e4 hoitava taho Asiakaspalvelu \/ Profmer OyP\u00e4\u00e4skyntie 1021420 Lieto0106176100sales@profmer.com Rekisterin nimi Profmer Oy:n asiakasrekisteri Henkil\u00f6tietojen k\u00e4sittelyn tarkoitus ja oikeusperuste Henkil\u00f6tietojen k\u00e4sittelyn tarkoituksena on yrityksen ja yritysasiakkaan v\u00e4lisen asiakassuhteen hoito ja yll\u00e4pito sek\u00e4 markkinointi. Rekisterin tietoja k\u00e4ytet\u00e4\u00e4n yrityksen omaan suoramarkkinointiin, ellei asiakas ole [&hellip;]","og_url":"https:\/\/profmer.com\/en\/tietosuojaseloste-2\/","og_site_name":"Profmer Oy","article_modified_time":"2022-01-19T08:47:47+00:00","twitter_card":"summary_large_image","twitter_misc":{"Est. reading time":"3 minutes"},"schema":{"@context":"https:\/\/schema.org","@graph":[{"@type":"WebPage","@id":"https:\/\/profmer.com\/en\/tietosuojaseloste-2\/","url":"https:\/\/profmer.com\/en\/tietosuojaseloste-2\/","name":"Tietosuojaseloste - Profmer Oy","isPartOf":{"@id":"https:\/\/profmer.com\/en\/#website"},"datePublished":"2022-01-19T08:47:46+00:00","dateModified":"2022-01-19T08:47:47+00:00","breadcrumb":{"@id":"https:\/\/profmer.com\/en\/tietosuojaseloste-2\/#breadcrumb"},"inLanguage":"en-US","potentialAction":[{"@type":"ReadAction","target":["https:\/\/profmer.com\/en\/tietosuojaseloste-2\/"]}]},{"@type":"BreadcrumbList","@id":"https:\/\/profmer.com\/en\/tietosuojaseloste-2\/#breadcrumb","itemListElement":[{"@type":"ListItem","position":1,"name":"Home","item":"https:\/\/profmer.com\/en\/"},{"@type":"ListItem","position":2,"name":"Tietosuojaseloste"}]},{"@type":"WebSite","@id":"https:\/\/profmer.com\/en\/#website","url":"https:\/\/profmer.com\/en\/","name":"Profmer Oy","description":"Muoviosia ja -tuotteita polyuretaanista","publisher":{"@id":"https:\/\/profmer.com\/en\/#organization"},"potentialAction":[{"@type":"SearchAction","target":{"@type":"EntryPoint","urlTemplate":"https:\/\/profmer.com\/en\/?s={search_term_string}"},"query-input":{"@type":"PropertyValueSpecification","valueRequired":true,"valueName":"search_term_string"}}],"inLanguage":"en-US"},{"@type":"Organization","@id":"https:\/\/profmer.com\/en\/#organization","name":"Profmer Oy","url":"https:\/\/profmer.com\/en\/","logo":{"@type":"ImageObject","inLanguage":"en-US","@id":"https:\/\/profmer.com\/en\/#\/schema\/logo\/image\/","url":"https:\/\/profmer.com\/wp-content\/uploads\/2020\/04\/profmer_logo.svg","contentUrl":"https:\/\/profmer.com\/wp-content\/uploads\/2020\/04\/profmer_logo.svg","width":738,"height":193,"caption":"Profmer Oy"},"image":{"@id":"https:\/\/profmer.com\/en\/#\/schema\/logo\/image\/"},"sameAs":["https:\/\/www.linkedin.com\/company\/profmer-oy"]}]}},"_links":{"self":[{"href":"https:\/\/profmer.com\/en\/wp-json\/wp\/v2\/pages\/1227","targetHints":{"allow":["GET"]}}],"collection":[{"href":"https:\/\/profmer.com\/en\/wp-json\/wp\/v2\/pages"}],"about":[{"href":"https:\/\/profmer.com\/en\/wp-json\/wp\/v2\/types\/page"}],"author":[{"embeddable":true,"href":"https:\/\/profmer.com\/en\/wp-json\/wp\/v2\/users\/1"}],"replies":[{"embeddable":true,"href":"https:\/\/profmer.com\/en\/wp-json\/wp\/v2\/comments?post=1227"}],"version-history":[{"count":2,"href":"https:\/\/profmer.com\/en\/wp-json\/wp\/v2\/pages\/1227\/revisions"}],"predecessor-version":[{"id":1229,"href":"https:\/\/profmer.com\/en\/wp-json\/wp\/v2\/pages\/1227\/revisions\/1229"}],"wp:attachment":[{"href":"https:\/\/profmer.com\/en\/wp-json\/wp\/v2\/media?parent=1227"}],"curies":[{"name":"wp","href":"https:\/\/api.w.org\/{rel}","templated":true}]}}